{"id":852,"date":"2019-06-16T12:26:46","date_gmt":"2019-06-16T10:26:46","guid":{"rendered":"https:\/\/domfutrzakow.pl\/?page_id=852"},"modified":"2021-05-11T21:11:49","modified_gmt":"2021-05-11T19:11:49","slug":"polityka-prywatnosci","status":"publish","type":"page","link":"https:\/\/domfutrzakow.pl\/?page_id=852","title":{"rendered":"Polityka prywatno\u015bci"},"content":{"rendered":"<p>Niniejsza witryna internetowa korzysta z Google Analytics, us\u0142ugi analizy ogl\u0105dalno\u015bci stron internetowych udost\u0119pnianej przez Google, Inc. (\u201cGoogle\u201d). Google Analytics u\u017cywa \u201ccookies\u201d, czyli plik\u00f3w tekstowych umieszczanych na komputerze u\u017cytkownika w celu umo\u017cliwienia witrynie przeanalizowania sposobu, w jaki u\u017cytkownicy z niej korzystaj\u0105. Nasza witryna nie przechowuje Pa\u0144stwa danych.<\/p>\n","protected":false},"excerpt":{"rendered":"<p>Niniejsza witryna internetowa korzysta z Google Analytics, us\u0142ugi analizy ogl\u0105dalno\u015bci stron internetowych udost\u0119pnianej przez Google, Inc. (\u201cGoogle\u201d). Google Analytics u\u017cywa \u201ccookies\u201d, czyli plik\u00f3w tekstowych umieszczanych na komputerze u\u017cytkownika w celu umo\u017cliwienia witrynie przeanalizowania sposobu, w jaki u\u017cytkownicy z niej korzystaj\u0105. Nasza witryna nie przechowuje Pa\u0144stwa danych.<\/p>\n","protected":false},"author":1,"featured_media":0,"parent":0,"menu_order":0,"comment_status":"closed","ping_status":"closed","template":"","meta":[],"_links":{"self":[{"href":"https:\/\/domfutrzakow.pl\/index.php?rest_route=\/wp\/v2\/pages\/852"}],"collection":[{"href":"https:\/\/domfutrzakow.pl\/index.php?rest_route=\/wp\/v2\/pages"}],"about":[{"href":"https:\/\/domfutrzakow.pl\/index.php?rest_route=\/wp\/v2\/types\/page"}],"author":[{"embeddable":true,"href":"https:\/\/domfutrzakow.pl\/index.php?rest_route=\/wp\/v2\/users\/1"}],"replies":[{"embeddable":true,"href":"https:\/\/domfutrzakow.pl\/index.php?rest_route=%2Fwp%2Fv2%2Fcomments&post=852"}],"version-history":[{"count":3,"href":"https:\/\/domfutrzakow.pl\/index.php?rest_route=\/wp\/v2\/pages\/852\/revisions"}],"predecessor-version":[{"id":3407,"href":"https:\/\/domfutrzakow.pl\/index.php?rest_route=\/wp\/v2\/pages\/852\/revisions\/3407"}],"wp:attachment":[{"href":"https:\/\/domfutrzakow.pl\/index.php?rest_route=%2Fwp%2Fv2%2Fmedia&parent=852"}],"curies":[{"name":"wp","href":"https:\/\/api.w.org\/{rel}","templated":true}]}}