{"id":802,"date":"2019-05-05T16:30:29","date_gmt":"2019-05-05T14:30:29","guid":{"rendered":"https:\/\/domfutrzakow.pl\/?page_id=802"},"modified":"2026-03-23T22:46:51","modified_gmt":"2026-03-23T20:46:51","slug":"kontakt","status":"publish","type":"page","link":"https:\/\/domfutrzakow.pl\/?page_id=802","title":{"rendered":"Kontakt"},"content":{"rendered":"<p>Je\u015bli masz potrzeb\u0119 skontaktowania si\u0119 z nami, napisz do nas:<\/p>\n<p><strong>Hodowla kot\u00f3w rasy Maine Coon Dom Futrzak\u00f3w*PL<br \/>\nEwa Krzywdzi\u0144ska<\/strong><br \/>\nWarszawa Bia\u0142o\u0142\u0119ka pod Markami ul. K\u0105ty Grodziskie, wojew\u00f3dztwo mazowieckie<\/p>\n<p><strong>Telefon:+48 607-441-488<br \/>\nEmail: <a href=\"mailto:domfutrzakow@gmail.com\">domfutrzakow@gmail.com<\/a><\/strong><\/p>\n<p><strong>Jeste\u015bmy na FB:<a href=\"https:\/\/www.facebook.com\/hodowladomfutrzakow\/\" target=\"_new\" rel=\"noopener\">https:\/\/www.facebook.com\/hodowladomfutrzakow\/<\/a><br \/>\n<strong><br \/>\n<\/strong><strong><\/strong><strong>Zapraszamy do udzielenia pozytywnych wpis\u00f3w w Recenzjach na stronie hodowli na FB je\u015bli jeste\u015b zadowolony z kontaktu z Hodowl\u0105 Dom Futrzak\u00f3w*PL, Hodowc\u0105 lub opiekujesz si\u0119 naszym kotem.<br \/>\nZ g\u00f3ry bardzo i serdecznie dzi\u0119kujemy.<br \/>\n<\/strong><\/strong><\/p>\n","protected":false},"excerpt":{"rendered":"<p>Je\u015bli masz potrzeb\u0119 skontaktowania si\u0119 z nami, napisz do nas: Hodowla kot\u00f3w rasy Maine Coon Dom Futrzak\u00f3w*PL Ewa Krzywdzi\u0144ska Warszawa Bia\u0142o\u0142\u0119ka pod Markami ul. K\u0105ty Grodziskie, wojew\u00f3dztwo mazowieckie Telefon:+48 607-441-488 Email: domfutrzakow@gmail.com Jeste\u015bmy na FB:https:\/\/www.facebook.com\/hodowladomfutrzakow\/ Zapraszamy do udzielenia pozytywnych wpis\u00f3w w Recenzjach na stronie hodowli na FB je\u015bli jeste\u015b zadowolony z kontaktu z Hodowl\u0105 Dom &hellip; <a href=\"https:\/\/domfutrzakow.pl\/?page_id=802\" class=\"more-link\">Czytaj dalej <span class=\"screen-reader-text\">Kontakt<\/span> <span class=\"meta-nav\">&rarr;<\/span><\/a><\/p>\n","protected":false},"author":1,"featured_media":0,"parent":0,"menu_order":0,"comment_status":"closed","ping_status":"closed","template":"","meta":[],"_links":{"self":[{"href":"https:\/\/domfutrzakow.pl\/index.php?rest_route=\/wp\/v2\/pages\/802"}],"collection":[{"href":"https:\/\/domfutrzakow.pl\/index.php?rest_route=\/wp\/v2\/pages"}],"about":[{"href":"https:\/\/domfutrzakow.pl\/index.php?rest_route=\/wp\/v2\/types\/page"}],"author":[{"embeddable":true,"href":"https:\/\/domfutrzakow.pl\/index.php?rest_route=\/wp\/v2\/users\/1"}],"replies":[{"embeddable":true,"href":"https:\/\/domfutrzakow.pl\/index.php?rest_route=%2Fwp%2Fv2%2Fcomments&post=802"}],"version-history":[{"count":13,"href":"https:\/\/domfutrzakow.pl\/index.php?rest_route=\/wp\/v2\/pages\/802\/revisions"}],"predecessor-version":[{"id":4604,"href":"https:\/\/domfutrzakow.pl\/index.php?rest_route=\/wp\/v2\/pages\/802\/revisions\/4604"}],"wp:attachment":[{"href":"https:\/\/domfutrzakow.pl\/index.php?rest_route=%2Fwp%2Fv2%2Fmedia&parent=802"}],"curies":[{"name":"wp","href":"https:\/\/api.w.org\/{rel}","templated":true}]}}