{"id":342,"date":"2019-04-09T20:13:12","date_gmt":"2019-04-09T18:13:12","guid":{"rendered":"http:\/\/merletka\/?page_id=342"},"modified":"2025-01-02T12:45:14","modified_gmt":"2025-01-02T10:45:14","slug":"galerie","status":"publish","type":"page","link":"https:\/\/domfutrzakow.pl\/?page_id=342","title":{"rendered":"Galerie"},"content":{"rendered":"<p>Strona ze zdj\u0119ciami naszych kot\u00f3w \ud83d\ude42<br \/>\nWybierz konkretnego kota i przegl\u0105daj do woli.<\/p>\n<table>\n<tbody>\n<tr>\n<td>\n<a href=\"https:\/\/domfutrzakow.pl\/?p=1508\" title=\"ICH Xanna Mon Amour Coon*UA\">ICH Xanna Mon Amour Coon*UA<\/a><br \/>\n<a href=\"https:\/\/domfutrzakow.pl\/?p=3912\" title=\"CH Persefona Dom Futrzak\u00f3w*PL\">CH Persefona Dom Futrzak\u00f3w*PL<\/a><br \/>\n<a href=\"https:\/\/domfutrzakow.pl\/?p=3907\" title=\"CH Plejada Dom Futrzak\u00f3w*PL\">CH Plejada Dom Futrzak\u00f3w*PL<\/a><br \/>\n<a href=\"https:\/\/domfutrzakow.pl\/?p=3930\" title=\"CH Pandora Dom Futrzak\u00f3w*PL\">CH Pandora Dom Futrzak\u00f3w*PL<\/a><br \/>\n<a href=\"https:\/\/domfutrzakow.pl\/?p=4409\" title=\"CH Pejto Dom Futrzak\u00f3w*PL\">CH Pejto Dom Futrzak\u00f3w*PL<\/a><br \/>\n<a href=\"https:\/\/domfutrzakow.pl\/?p=1498\" title=\"CH Destiny Dom Futrzak\u00f3w*PL\">CH Destiny Dom Futrzak\u00f3w*PL<\/a><br \/>\n<a href=\"https:\/\/domfutrzakow.pl\/?p=1496\" title=\"CH Perseida Kaprysowo*PL\">CH Perseida Kaprysowo*PL<\/a><\/td>\n<td>\n<a href=\"https:\/\/domfutrzakow.pl\/?p=1515\" title=\"GIP Duster Dom Futrzak\u00f3w*PL\">GIP Duster Dom Futrzak\u00f3w*PL<\/a><br \/>\n<a href=\"https:\/\/domfutrzakow.pl\/?p=1512\" title=\"ECH Joke Anzbor*RU\">ECH Joke Anzbor*RU<\/a><br \/>\n<a href=\"https:\/\/domfutrzakow.pl\/?p=1510\" title=\"Alex\">Alex<\/a><\/td>\n<\/tr>\n<\/tbody>\n<\/table>\n","protected":false},"excerpt":{"rendered":"<p>Strona ze zdj\u0119ciami naszych kot\u00f3w \ud83d\ude42 Wybierz konkretnego kota i przegl\u0105daj do woli. ICH Xanna Mon Amour Coon*UA CH Persefona Dom Futrzak\u00f3w*PL CH Plejada Dom Futrzak\u00f3w*PL CH Pandora Dom Futrzak\u00f3w*PL CH Pejto Dom Futrzak\u00f3w*PL CH Destiny Dom Futrzak\u00f3w*PL CH Perseida Kaprysowo*PL GIP Duster Dom Futrzak\u00f3w*PL ECH Joke Anzbor*RU Alex<\/p>\n","protected":false},"author":1,"featured_media":0,"parent":0,"menu_order":0,"comment_status":"closed","ping_status":"closed","template":"","meta":[],"_links":{"self":[{"href":"https:\/\/domfutrzakow.pl\/index.php?rest_route=\/wp\/v2\/pages\/342"}],"collection":[{"href":"https:\/\/domfutrzakow.pl\/index.php?rest_route=\/wp\/v2\/pages"}],"about":[{"href":"https:\/\/domfutrzakow.pl\/index.php?rest_route=\/wp\/v2\/types\/page"}],"author":[{"embeddable":true,"href":"https:\/\/domfutrzakow.pl\/index.php?rest_route=\/wp\/v2\/users\/1"}],"replies":[{"embeddable":true,"href":"https:\/\/domfutrzakow.pl\/index.php?rest_route=%2Fwp%2Fv2%2Fcomments&post=342"}],"version-history":[{"count":13,"href":"https:\/\/domfutrzakow.pl\/index.php?rest_route=\/wp\/v2\/pages\/342\/revisions"}],"predecessor-version":[{"id":4422,"href":"https:\/\/domfutrzakow.pl\/index.php?rest_route=\/wp\/v2\/pages\/342\/revisions\/4422"}],"wp:attachment":[{"href":"https:\/\/domfutrzakow.pl\/index.php?rest_route=%2Fwp%2Fv2%2Fmedia&parent=342"}],"curies":[{"name":"wp","href":"https:\/\/api.w.org\/{rel}","templated":true}]}}