{"id":2814,"date":"2020-04-12T11:09:32","date_gmt":"2020-04-12T09:09:32","guid":{"rendered":"https:\/\/domfutrzakow.pl\/?page_id=2814"},"modified":"2024-08-09T12:48:42","modified_gmt":"2024-08-09T10:48:42","slug":"nasze-koty-w-nowych-domkach","status":"publish","type":"page","link":"https:\/\/domfutrzakow.pl\/?page_id=2814","title":{"rendered":"Nasze koty w nowych domkach"},"content":{"rendered":"<p><strong>Dzi\u0119ki uprzejmo\u015bci Nowych Opiekun\u00f3w naszych kot\u00f3w otrzymujemy fotki, kt\u00f3rymi chcemy si\u0119 pochwali\u0107.<\/strong><\/p>\n<table>\n<tbody>\n<tr>\n<td>\n<p><figure id=\"attachment_2823\" aria-describedby=\"caption-attachment-2823\" style=\"width: 150px\" class=\"wp-caption alignnone\"><a href=\"https:\/\/domfutrzakow.pl\/wp-content\/uploads\/Galerie\/Mioty\/MiotG\/Groot\/groot_042020.jpg\"><img decoding=\"async\" loading=\"lazy\" class=\"size-thumbnail wp-image-2823\" src=\"https:\/\/domfutrzakow.pl\/wp-content\/uploads\/Galerie\/Mioty\/MiotG\/Groot\/groot_042020-150x150.jpg\" alt=\"Groot Dom Futrzak\u00f3w*PL\" width=\"150\" height=\"150\"><\/a><figcaption id=\"caption-attachment-2823\" class=\"wp-caption-text\">Groot Dom Futrzak\u00f3w*PL<\/figcaption><\/figure><\/td>\n<td>\n<p><figure id=\"attachment_2831\" aria-describedby=\"caption-attachment-2831\" style=\"width: 150px\" class=\"wp-caption alignnone\"><a href=\"https:\/\/domfutrzakow.pl\/wp-content\/uploads\/Galerie\/wDomkach\/P1013619a.jpg\"><img decoding=\"async\" loading=\"lazy\" class=\"size-thumbnail wp-image-2831\" src=\"https:\/\/domfutrzakow.pl\/wp-content\/uploads\/Galerie\/wDomkach\/P1013619a-150x150.jpg\" alt=\"Akasha Dom Futrzak\u00f3w*PL\" width=\"150\" height=\"150\"><\/a><figcaption id=\"caption-attachment-2831\" class=\"wp-caption-text\">Akasha Dom Futrzak\u00f3w*PL<\/figcaption><\/figure><\/td>\n<td>\n<p><figure id=\"attachment_2829\" aria-describedby=\"caption-attachment-2829\" style=\"width: 150px\" class=\"wp-caption alignnone\"><a href=\"https:\/\/domfutrzakow.pl\/wp-content\/uploads\/Galerie\/wDomkach\/batman_12.jpeg\"><img decoding=\"async\" loading=\"lazy\" class=\"size-thumbnail wp-image-2829\" src=\"https:\/\/domfutrzakow.pl\/wp-content\/uploads\/Galerie\/wDomkach\/batman_12-150x150.jpeg\" alt=\"Azazel Dom Futrzak\u00f3w*PL\" width=\"150\" height=\"150\"><\/a><figcaption id=\"caption-attachment-2829\" class=\"wp-caption-text\">Azazel Dom Futrzak\u00f3w*PL<\/figcaption><\/figure><\/td>\n<td>\n<p><figure id=\"attachment_2833\" aria-describedby=\"caption-attachment-2833\" style=\"width: 150px\" class=\"wp-caption alignnone\"><a href=\"https:\/\/domfutrzakow.pl\/wp-content\/uploads\/Galerie\/wDomkach\/Coco_7062017.jpg\"><img decoding=\"async\" loading=\"lazy\" class=\"size-thumbnail wp-image-2833\" src=\"https:\/\/domfutrzakow.pl\/wp-content\/uploads\/Galerie\/wDomkach\/Coco_7062017-150x150.jpg\" alt=\"Celestis Dom Futrzak\u00f3w*PL\" width=\"150\" height=\"150\"><\/a><figcaption id=\"caption-attachment-2833\" class=\"wp-caption-text\">Celestis Dom Futrzak\u00f3w*PL<\/figcaption><\/figure><\/td>\n<td>\n<p><figure id=\"attachment_2834\" aria-describedby=\"caption-attachment-2834\" style=\"width: 150px\" class=\"wp-caption alignnone\"><a href=\"https:\/\/domfutrzakow.pl\/wp-content\/uploads\/Galerie\/wDomkach\/cygnus_3112016_1.jpg\"><img decoding=\"async\" loading=\"lazy\" class=\"size-thumbnail wp-image-2834\" src=\"https:\/\/domfutrzakow.pl\/wp-content\/uploads\/Galerie\/wDomkach\/cygnus_3112016_1-150x150.jpg\" alt=\"Cygnus Dom Futrzak\u00f3w*PL\" width=\"150\" height=\"150\"><\/a><figcaption id=\"caption-attachment-2834\" class=\"wp-caption-text\">Cygnus Dom Futrzak\u00f3w*PL<\/figcaption><\/figure><\/td>\n<td>\n<p><figure id=\"attachment_2841\" aria-describedby=\"caption-attachment-2841\" style=\"width: 150px\" class=\"wp-caption alignnone\"><a href=\"https:\/\/domfutrzakow.pl\/wp-content\/uploads\/Galerie\/wDomkach\/20190122_171241.jpg\"><img decoding=\"async\" loading=\"lazy\" class=\"size-thumbnail wp-image-2841\" src=\"https:\/\/domfutrzakow.pl\/wp-content\/uploads\/Galerie\/wDomkach\/20190122_171241-150x150.jpg\" alt=\"Fasta Dom Futrzak\u00f3w*PL\" width=\"150\" height=\"150\"><\/a><figcaption id=\"caption-attachment-2841\" class=\"wp-caption-text\">Fasta Dom Futrzak\u00f3w*PL<\/figcaption><\/figure><\/td>\n<\/tr>\n<\/tbody>\n<\/table>\n<table>\n<tbody>\n<tr>\n<td>\n<p><figure id=\"attachment_2844\" aria-describedby=\"caption-attachment-2844\" style=\"width: 150px\" class=\"wp-caption alignnone\"><a href=\"https:\/\/domfutrzakow.pl\/wp-content\/uploads\/Galerie\/wDomkach\/hermiod_112019_1.jpg\"><img decoding=\"async\" loading=\"lazy\" class=\"size-thumbnail wp-image-2844\" src=\"https:\/\/domfutrzakow.pl\/wp-content\/uploads\/Galerie\/wDomkach\/hermiod_112019_1-150x150.jpg\" alt=\"Hermiod Dom Futrzak\u00f3w*PL\" width=\"150\" height=\"150\"><\/a><figcaption id=\"caption-attachment-2844\" class=\"wp-caption-text\">Hermiod Dom Futrzak\u00f3w*PL<\/figcaption><\/figure><\/td>\n<td>\n<p><figure id=\"attachment_410\" aria-describedby=\"caption-attachment-410\" style=\"width: 150px\" class=\"wp-caption alignnone\"><a href=\"https:\/\/domfutrzakow.pl\/wp-content\/uploads\/Galerie\/Mioty\/MiotE\/Egeria\/egeria.jpg\"><img decoding=\"async\" loading=\"lazy\" class=\"size-thumbnail wp-image-410\" src=\"https:\/\/domfutrzakow.pl\/wp-content\/uploads\/Galerie\/Mioty\/MiotE\/Egeria\/egeria-150x150.jpg\" alt=\"Egeria Dom Futrzak\u00f3w*PL\" width=\"150\" height=\"150\" srcset=\"https:\/\/domfutrzakow.pl\/wp-content\/uploads\/Galerie\/Mioty\/MiotE\/Egeria\/egeria-150x150.jpg 150w, https:\/\/domfutrzakow.pl\/wp-content\/uploads\/Galerie\/Mioty\/MiotE\/Egeria\/egeria-300x300.jpg 300w, https:\/\/domfutrzakow.pl\/wp-content\/uploads\/Galerie\/Mioty\/MiotE\/Egeria\/egeria.jpg 654w\" sizes=\"(max-width: 150px) 100vw, 150px\" \/><\/a><figcaption id=\"caption-attachment-410\" class=\"wp-caption-text\">Egeria Dom Futrzak\u00f3w*PL<\/figcaption><\/figure><\/td>\n<td>\n<p><figure id=\"attachment_2854\" aria-describedby=\"caption-attachment-2854\" style=\"width: 150px\" class=\"wp-caption alignnone\"><a href=\"https:\/\/domfutrzakow.pl\/wp-content\/uploads\/Galerie\/wDomkach\/Draco_28032020_2.jpg\"><img decoding=\"async\" loading=\"lazy\" class=\"size-thumbnail wp-image-2854\" src=\"https:\/\/domfutrzakow.pl\/wp-content\/uploads\/Galerie\/wDomkach\/Draco_28032020_2-150x150.jpg\" alt=\"Draco Dom Futrzak\u00f3w*PL\" width=\"150\" height=\"150\"><\/a><figcaption id=\"caption-attachment-2854\" class=\"wp-caption-text\">Draco Dom Futrzak\u00f3w*PL<\/figcaption><\/figure><\/td>\n<td>\n<p><figure id=\"attachment_2851\" aria-describedby=\"caption-attachment-2851\" style=\"width: 150px\" class=\"wp-caption alignnone\"><a href=\"https:\/\/domfutrzakow.pl\/wp-content\/uploads\/Galerie\/wDomkach\/Cetus_19042020_1.jpg\"><img decoding=\"async\" loading=\"lazy\" class=\"size-thumbnail wp-image-2851\" src=\"https:\/\/domfutrzakow.pl\/wp-content\/uploads\/Galerie\/wDomkach\/Cetus_19042020_1-150x150.jpg\" alt=\"Cetus Dom Futrzak\u00f3w*PL\" width=\"150\" height=\"150\"><\/a><figcaption id=\"caption-attachment-2851\" class=\"wp-caption-text\">Cetus Dom Futrzak\u00f3w*PL<\/figcaption><\/figure><\/td>\n<td>\n<p><figure id=\"attachment_2862\" aria-describedby=\"caption-attachment-2862\" style=\"width: 150px\" class=\"wp-caption alignnone\"><a href=\"https:\/\/domfutrzakow.pl\/wp-content\/uploads\/Galerie\/wDomkach\/04022016158.jpg\"><img decoding=\"async\" loading=\"lazy\" class=\"size-thumbnail wp-image-2862\" src=\"https:\/\/domfutrzakow.pl\/wp-content\/uploads\/Galerie\/wDomkach\/04022016158-150x150.jpg\" alt=\"Baal Dom Futrzak\u00f3w*PL\" width=\"150\" height=\"150\"><\/a><figcaption id=\"caption-attachment-2862\" class=\"wp-caption-text\">Baal Dom Futrzak\u00f3w*PL<\/figcaption><\/figure><\/td>\n<\/tr>\n<\/tbody>\n<\/table>\n<table>\n<tbody>\n<tr>\n<td>\n<p><figure id=\"attachment_2864\" aria-describedby=\"caption-attachment-2864\" style=\"width: 150px\" class=\"wp-caption alignnone\"><a href=\"https:\/\/domfutrzakow.pl\/wp-content\/uploads\/Galerie\/wDomkach\/Felus_062017.jpg\"><img decoding=\"async\" loading=\"lazy\" class=\"size-thumbnail wp-image-2864\" src=\"https:\/\/domfutrzakow.pl\/wp-content\/uploads\/Galerie\/wDomkach\/Felus_062017-150x150.jpg\" alt=\"Beliar Dom Futrzak\u00f3w*PL\" width=\"150\" height=\"150\" srcset=\"https:\/\/domfutrzakow.pl\/wp-content\/uploads\/Galerie\/wDomkach\/Felus_062017-150x150.jpg 150w, https:\/\/domfutrzakow.pl\/wp-content\/uploads\/Galerie\/wDomkach\/Felus_062017-270x270.jpg 270w\" sizes=\"(max-width: 150px) 100vw, 150px\" \/><\/a><figcaption id=\"caption-attachment-2864\" class=\"wp-caption-text\">Beliar Dom Futrzak\u00f3w*PL<\/figcaption><\/figure><\/td>\n<td>\n<p><figure id=\"attachment_2866\" aria-describedby=\"caption-attachment-2866\" style=\"width: 150px\" class=\"wp-caption alignnone\"><a href=\"https:\/\/domfutrzakow.pl\/wp-content\/uploads\/Galerie\/wDomkach\/1910159_10205471692013927_3086259115027770034_n.jpg\"><img decoding=\"async\" loading=\"lazy\" class=\"size-thumbnail wp-image-2866\" src=\"https:\/\/domfutrzakow.pl\/wp-content\/uploads\/Galerie\/wDomkach\/1910159_10205471692013927_3086259115027770034_n-150x150.jpg\" alt=\"Behemot Dom Futrzak\u00f3w*PL\" width=\"150\" height=\"150\"><\/a><figcaption id=\"caption-attachment-2866\" class=\"wp-caption-text\">Behemot Dom Futrzak\u00f3w*PL<\/figcaption><\/figure><\/td>\n<td>\n<p><figure id=\"attachment_2868\" aria-describedby=\"caption-attachment-2868\" style=\"width: 150px\" class=\"wp-caption alignnone\"><a href=\"https:\/\/domfutrzakow.pl\/wp-content\/uploads\/Galerie\/wDomkach\/Deryl_1.jpg\"><img decoding=\"async\" loading=\"lazy\" class=\"size-thumbnail wp-image-2868\" src=\"https:\/\/domfutrzakow.pl\/wp-content\/uploads\/Galerie\/wDomkach\/Deryl_1-150x150.jpg\" alt=\"Daryl Dom Futrzak\u00f3w*PL\" width=\"150\" height=\"150\"><\/a><figcaption id=\"caption-attachment-2868\" class=\"wp-caption-text\">Daryl Dom Futrzak\u00f3w*PL<\/figcaption><\/figure><\/td>\n<td>\n<p><figure id=\"attachment_2870\" aria-describedby=\"caption-attachment-2870\" style=\"width: 150px\" class=\"wp-caption alignnone\"><a href=\"https:\/\/domfutrzakow.pl\/wp-content\/uploads\/Galerie\/wDomkach\/Erin_sun_1.jpg\"><img decoding=\"async\" loading=\"lazy\" class=\"size-thumbnail wp-image-2870\" src=\"https:\/\/domfutrzakow.pl\/wp-content\/uploads\/Galerie\/wDomkach\/Erin_sun_1-150x150.jpg\" alt=\"Erin Sun Dom Futrzak\u00f3w*PL\" width=\"150\" height=\"150\"><\/a><figcaption id=\"caption-attachment-2870\" class=\"wp-caption-text\">Erin Sun Dom Futrzak\u00f3w*PL<\/figcaption><\/figure><\/td>\n<td><\/td>\n<td>\n<p><figure id=\"attachment_2870\" aria-describedby=\"caption-attachment-2870\" style=\"width: 150px\" class=\"wp-caption alignnone\"><a href=\"https:\/\/domfutrzakow.pl\/wp-content\/uploads\/2021\/03\/lupus_102021.jpg\"><img decoding=\"async\" loading=\"lazy\" class=\"size-thumbnail wp-image-2870\" src=\"https:\/\/domfutrzakow.pl\/wp-content\/uploads\/2021\/03\/lupus_102021.jpg\" alt=\"Lupus Dom Futrzak\u00f3w*PL\" width=\"150\" height=\"150\"><\/a><figcaption id=\"caption-attachment-2870\" class=\"wp-caption-text\">Lupus Dom Futrzak\u00f3w*PL<\/figcaption><\/figure><\/td>\n<td><\/td>\n<\/tr>\n<\/tbody>\n<\/table>\n<table>\n<tbody>\n<tr>\n<td>\n<p><figure id=\"attachment_2864\" aria-describedby=\"caption-attachment-2864\" style=\"width: 150px\" class=\"wp-caption alignnone\"><a href=\"https:\/\/domfutrzakow.pl\/wp-content\/uploads\/2021\/03\/Lacerta_102021_2.jpg\"><img decoding=\"async\" loading=\"lazy\" class=\"size-thumbnail wp-image-2864\" src=\"https:\/\/domfutrzakow.pl\/wp-content\/uploads\/2021\/03\/Lacerta_102021_2.jpg\" alt=\"Lacerta Dom Futrzak\u00f3w*PL\" width=\"150\" height=\"150\"><\/a><figcaption id=\"caption-attachment-2864\" class=\"wp-caption-text\">Lacerta Dom Futrzak\u00f3w*PL<\/figcaption><\/figure><\/td>\n<td>\n<p><figure id=\"attachment_2864\" aria-describedby=\"caption-attachment-2864\" style=\"width: 150px\" class=\"wp-caption alignnone\"><a href=\"https:\/\/domfutrzakow.pl\/wp-content\/uploads\/2019\/12\/Hathor_092021_2.jpg\"><img decoding=\"async\" loading=\"lazy\" class=\"size-thumbnail wp-image-2864\" src=\"https:\/\/domfutrzakow.pl\/wp-content\/uploads\/2019\/12\/Hathor_092021_2.jpg\" alt=\"Hathor Dom Futrzak\u00f3w*PL\" width=\"150\" height=\"150\"><\/a><figcaption id=\"caption-attachment-2864\" class=\"wp-caption-text\">Hathor Dom Futrzak\u00f3w*PL<\/figcaption><\/figure><\/td>\n<td>\n<p><figure id=\"attachment_2864\" aria-describedby=\"caption-attachment-2864\" style=\"width: 150px\" class=\"wp-caption alignnone\"><a href=\"https:\/\/domfutrzakow.pl\/wp-content\/uploads\/2019\/12\/hermiod_112019.jpg\"><img decoding=\"async\" loading=\"lazy\" class=\"size-thumbnail wp-image-2864\" src=\"https:\/\/domfutrzakow.pl\/wp-content\/uploads\/2019\/12\/hermiod_112019.jpg\" alt=\"Hermiod Dom Futrzak\u00f3w*PL\" width=\"150\" height=\"150\"><\/a><figcaption id=\"caption-attachment-2864\" class=\"wp-caption-text\">Hermiod Dom Futrzak\u00f3w*PL<\/figcaption><\/figure><\/td>\n<td>\n<p><figure id=\"attachment_2864\" aria-describedby=\"caption-attachment-2864\" style=\"width: 150px\" class=\"wp-caption alignnone\"><a href=\"https:\/\/domfutrzakow.pl\/wp-content\/uploads\/2021\/02\/Jorgus_102021_1.jpg\"><img decoding=\"async\" loading=\"lazy\" class=\"size-thumbnail wp-image-2864\" src=\"https:\/\/domfutrzakow.pl\/wp-content\/uploads\/2021\/02\/Jorgus_102021_1.jpg\" alt=\"Kratos Dom Futrzak\u00f3w*PL\" width=\"150\" height=\"150\"><\/a><figcaption id=\"caption-attachment-2864\" class=\"wp-caption-text\">Kratos Dom Futrzak\u00f3w*PL<\/figcaption><\/figure><\/td>\n<td>\n<p><figure id=\"attachment_2864\" aria-describedby=\"caption-attachment-2864\" style=\"width: 150px\" class=\"wp-caption alignnone\"><a href=\"https:\/\/domfutrzakow.pl\/wp-content\/uploads\/2021\/03\/SAVE_20211126_141508.jpg\"><img decoding=\"async\" loading=\"lazy\" class=\"size-thumbnail wp-image-2864\" src=\"https:\/\/domfutrzakow.pl\/wp-content\/uploads\/2021\/03\/SAVE_20211126_141508.jpg\" alt=\"Lyra Dom Futrzak\u00f3w*PL\" width=\"150\" height=\"150\"><\/a><figcaption id=\"caption-attachment-2864\" class=\"wp-caption-text\">Lyra Dom Futrzak\u00f3w*PL<\/figcaption><\/figure><\/td>\n<td><\/td>\n<\/tr>\n<\/tbody>\n<\/table>\n<table>\n<tbody>\n<tr>\n<td>\n<p><figure id=\"attachment_4219\" aria-describedby=\"caption-attachment-4219\" style=\"width: 150px\" class=\"wp-caption alignnone\"><a href=\"https:\/\/domfutrzakow.pl\/wp-content\/uploads\/2019\/12\/z_n_domku_20112023_1.jpg\"><img decoding=\"async\" loading=\"lazy\" class=\"size-thumbnail wp-image-4219\" src=\"https:\/\/domfutrzakow.pl\/wp-content\/uploads\/2019\/12\/z_n_domku_20112023_1.jpg\" alt=\"CH Detiny Dom Futrzak\u00f3w*PL\" width=\"150\" height=\"150\"><\/a><figcaption id=\"caption-attachment-4219\" class=\"wp-caption-text\">CH Destiny Dom Futrzak\u00f3w*PL<\/figcaption><\/figure><\/td>\n<td>\n<p><figure id=\"attachment_2866\" aria-describedby=\"caption-attachment-2866\" style=\"width: 150px\" class=\"wp-caption alignnone\"><a href=\"https:\/\/domfutrzakow.pl\/wp-content\/uploads\/2023\/05\/saxi_032024-scaled.jpg\"><img decoding=\"async\" loading=\"lazy\" class=\"size-thumbnail wp-image-2866\" src=\"https:\/\/domfutrzakow.pl\/wp-content\/uploads\/2023\/05\/saxi_032024-scaled.jpg\" alt=\"Behemot Dom Futrzak\u00f3w*PL\" width=\"150\" height=\"150\"><\/a><figcaption id=\"caption-attachment-2866\" class=\"wp-caption-text\">Saxi Dom Futrzak\u00f3w*PL<\/figcaption><\/figure><\/td>\n<td>\n<p><figure id=\"attachment_4219\" aria-describedby=\"caption-attachment-4219\" style=\"width: 150px\" class=\"wp-caption alignnone\"><a href=\"https:\/\/domfutrzakow.pl\/wp-content\/uploads\/2023\/05\/sveni_nowy_domek1.jpg\"><img decoding=\"async\" loading=\"lazy\" class=\"size-thumbnail wp-image-4219\" src=\"https:\/\/domfutrzakow.pl\/wp-content\/uploads\/2023\/05\/sveni_nowy_domek1.jpg\" alt=\"Sveni Dom Futrzak\u00f3w*PL\" width=\"150\" height=\"150\"><\/a><figcaption id=\"caption-attachment-4219\" class=\"wp-caption-text\">Sveni Dom Futrzak\u00f3w*PL<\/figcaption><\/figure><\/td>\n<td>\n<p><figure id=\"attachment_4219\" aria-describedby=\"caption-attachment-4219\" style=\"width: 150px\" class=\"wp-caption alignnone\"><a href=\"https:\/\/domfutrzakow.pl\/wp-content\/uploads\/2023\/05\/sigurd_062024.jpg\"><img decoding=\"async\" loading=\"lazy\" class=\"size-thumbnail wp-image-4219\" src=\"https:\/\/domfutrzakow.pl\/wp-content\/uploads\/2023\/05\/sigurd_062024.jpg\" alt=\"Sigurd Dom Futrzak\u00f3w*PL\" width=\"150\" height=\"150\"><\/a><figcaption id=\"caption-attachment-4219\" class=\"wp-caption-text\">Sigurd Dom Futrzak\u00f3w*PL<\/figcaption><\/figure><\/td>\n<\/tr>\n<\/tbody>\n<\/table>\n","protected":false},"excerpt":{"rendered":"<p>Dzi\u0119ki uprzejmo\u015bci Nowych Opiekun\u00f3w naszych kot\u00f3w otrzymujemy fotki, kt\u00f3rymi chcemy si\u0119 pochwali\u0107.<\/p>\n","protected":false},"author":1,"featured_media":0,"parent":0,"menu_order":0,"comment_status":"closed","ping_status":"closed","template":"","meta":[],"_links":{"self":[{"href":"https:\/\/domfutrzakow.pl\/index.php?rest_route=\/wp\/v2\/pages\/2814"}],"collection":[{"href":"https:\/\/domfutrzakow.pl\/index.php?rest_route=\/wp\/v2\/pages"}],"about":[{"href":"https:\/\/domfutrzakow.pl\/index.php?rest_route=\/wp\/v2\/types\/page"}],"author":[{"embeddable":true,"href":"https:\/\/domfutrzakow.pl\/index.php?rest_route=\/wp\/v2\/users\/1"}],"replies":[{"embeddable":true,"href":"https:\/\/domfutrzakow.pl\/index.php?rest_route=%2Fwp%2Fv2%2Fcomments&post=2814"}],"version-history":[{"count":59,"href":"https:\/\/domfutrzakow.pl\/index.php?rest_route=\/wp\/v2\/pages\/2814\/revisions"}],"predecessor-version":[{"id":4301,"href":"https:\/\/domfutrzakow.pl\/index.php?rest_route=\/wp\/v2\/pages\/2814\/revisions\/4301"}],"wp:attachment":[{"href":"https:\/\/domfutrzakow.pl\/index.php?rest_route=%2Fwp%2Fv2%2Fmedia&parent=2814"}],"curies":[{"name":"wp","href":"https:\/\/api.w.org\/{rel}","templated":true}]}}