{"id":2695,"date":"2020-03-24T00:35:22","date_gmt":"2020-03-23T22:35:22","guid":{"rendered":"https:\/\/domfutrzakow.pl\/?page_id=2695"},"modified":"2020-03-26T00:27:26","modified_gmt":"2020-03-25T22:27:26","slug":"kalendarz-ciazy-kotki","status":"publish","type":"page","link":"https:\/\/domfutrzakow.pl\/?page_id=2695","title":{"rendered":"Kalendarz ci\u0105\u017cy kotki"},"content":{"rendered":"<p>Na tej stronie uzyskasz informacje o planowanym dniu porodu, planowanej dacie opuszczenia Hodowli przez koci\u0119.<br \/>\nWystarczy \u017ce podasz dat\u0119 krycia kotki.<br \/>\n<script>\n  function przeliczBornDate() {\n    var d = new Date(document.getElementById(\"pregDateStr\").value );\n\tvar d2 = new Date(document.getElementById(\"pregDateStr\").value );\n\tvar d3 = new Date(document.getElementById(\"pregDateStr\").value );\n\tvar dvac1 = new Date(document.getElementById(\"pregDateStr\").value );\n\tvar dvac2 = new Date(document.getElementById(\"pregDateStr\").value );\n\tvar dvac3 = new Date(document.getElementById(\"pregDateStr\").value );\n\td.setDate(d.getDate() + 65);\n\td2.setDate(d2.getDate() + 70);\n\tdvac1.setDate(dvac1.getDate() + 65 + 42);\n\tdvac2.setDate(dvac2.getDate() + 65 + 56);\n\tdvac3.setDate(dvac3.getDate() + 65 + 70);\n\td3.setDate(d3.getDate() + 65 + 84);\nvar months = [\"Stycze\u0144\", \"Luty\", \"Marzec\", \"Kwiecie\u0144\", \"Maj\", \"Czerwiec\", \"Lipiec\", \"Sierpie\u0144\", \"Wrzesie\u0144\", \"Pa\u017adziernik\", \"Listopad\", \"Grudzie\u0144\"];\n\tdocument.getElementById(\"bornDateStr\").innerHTML = \"[+65] \" + d.getFullYear() + \", \" + months[d.getMonth()] + \", \" + d.getDate();\n\tdocument.getElementById(\"bornDateStr\").innerHTML = \"Data porodu w przedziale:&nbsp; [+65 dni] &nbsp; \" + d.getFullYear() + \", \" + months[d.getMonth()] + \", \" + d.getDate() + \"&nbsp;&nbsp;-&nbsp;&nbsp;&nbsp;&nbsp;&nbsp;&nbsp;[+70 dni] &nbsp;&nbsp; \" + d2.getFullYear() + \", \" + months[d2.getMonth()] + \", \" + d2.getDate();\ndocument.getElementById(\"vac1DateStr\").innerHTML = dvac1;\n\tdocument.getElementById(\"vac1DateStr\").innerHTML = \"Pierwsze szczepienie:&nbsp;&nbsp;[6 tygodni]&nbsp;&nbsp;&nbsp;&nbsp; \" + dvac1.getFullYear() + \", \" + months[dvac1.getMonth()] + \", \" + dvac1.getDate();\ndocument.getElementById(\"vac2DateStr\").innerHTML = dvac2;\n\tdocument.getElementById(\"vac2DateStr\").innerHTML = \"Drugie szczepienie:&nbsp;&nbsp;[8 tygodni]&nbsp;&nbsp;&nbsp;&nbsp; \" + dvac2.getFullYear() + \", \" + months[dvac2.getMonth()] + \", \" + dvac2.getDate();\n\tdocument.getElementById(\"vac3DateStr\").innerHTML = \"Trzecie szczepienie:&nbsp;&nbsp;[10 tygodni]&nbsp;&nbsp;&nbsp;&nbsp; \" + dvac3.getFullYear() + \", \" + months[dvac3.getMonth()] + \", \" + dvac3.getDate();\ndocument.getElementById(\"GoDateStr\").innerHTML = d3;\n\tdocument.getElementById(\"GoDateStr\").innerHTML = \"Mo\u017ce opu\u015bci\u0107 hodowl\u0119&nbsp;&nbsp;[+12 tygodni]&nbsp;&nbsp;&nbsp;&nbsp; \" + d3.getFullYear() + \", \" + months[d3.getMonth()] + \", \" + d3.getDate();\n}\n<\/script><\/p>\n<p><input id=\"pregDateStr\" type='date'  placeholder=\"YYYY-MM-DD\" \/><br \/>\n<input class=\"button button-primary\" type=\"button\" value=\"Przelicz!\" onClick=\"przeliczBornDate();\"><\/p>\n<p id=\"bornDateStr\" >\n<p id=\"vac1DateStr\" >\n<p id=\"vac2DateStr\" >\n<p id=\"vac3DateStr\" >\n<p id=\"GoDateStr\" >\n<p><!-- <input type=\"text\" \/> --><\/p>\n","protected":false},"excerpt":{"rendered":"<p>Na tej stronie uzyskasz informacje o planowanym dniu porodu, planowanej dacie opuszczenia Hodowli przez koci\u0119. Wystarczy \u017ce podasz dat\u0119 krycia kotki.<\/p>\n","protected":false},"author":1,"featured_media":0,"parent":0,"menu_order":0,"comment_status":"closed","ping_status":"closed","template":"","meta":[],"_links":{"self":[{"href":"https:\/\/domfutrzakow.pl\/index.php?rest_route=\/wp\/v2\/pages\/2695"}],"collection":[{"href":"https:\/\/domfutrzakow.pl\/index.php?rest_route=\/wp\/v2\/pages"}],"about":[{"href":"https:\/\/domfutrzakow.pl\/index.php?rest_route=\/wp\/v2\/types\/page"}],"author":[{"embeddable":true,"href":"https:\/\/domfutrzakow.pl\/index.php?rest_route=\/wp\/v2\/users\/1"}],"replies":[{"embeddable":true,"href":"https:\/\/domfutrzakow.pl\/index.php?rest_route=%2Fwp%2Fv2%2Fcomments&post=2695"}],"version-history":[{"count":88,"href":"https:\/\/domfutrzakow.pl\/index.php?rest_route=\/wp\/v2\/pages\/2695\/revisions"}],"predecessor-version":[{"id":2790,"href":"https:\/\/domfutrzakow.pl\/index.php?rest_route=\/wp\/v2\/pages\/2695\/revisions\/2790"}],"wp:attachment":[{"href":"https:\/\/domfutrzakow.pl\/index.php?rest_route=%2Fwp%2Fv2%2Fmedia&parent=2695"}],"curies":[{"name":"wp","href":"https:\/\/api.w.org\/{rel}","templated":true}]}}