{"id":2646,"date":"2020-03-21T20:39:32","date_gmt":"2020-03-21T18:39:32","guid":{"rendered":"https:\/\/domfutrzakow.pl\/?page_id=2646"},"modified":"2020-03-21T20:46:49","modified_gmt":"2020-03-21T18:46:49","slug":"jak-kupic-zdrowego-kota-do-hodowli","status":"publish","type":"page","link":"https:\/\/domfutrzakow.pl\/?page_id=2646","title":{"rendered":"Jak kupi\u0107 zdrowego kota do hodowli"},"content":{"rendered":"<ol>\nPoni\u017cej lista zagadnie\u0144 na kt\u00f3re nale\u017cy zwr\u00f3ci\u0107 uwag\u0119 kupuj\u0105c kota do swojej hodowli:<\/b><\/p>\n<ol>\n<li>Je\u015bli kupujesz kociaka do swojej hodowli, nie spiesz si\u0119.<\/li>\n<li>Obejrzyj dobrze kociaka, jego uszy, ogonek, sier\u015b\u0107 i spr\u00f3buj go pog\u0142aska\u0107. Obejrzyj te\u017c pozosta\u0142e koty w miocie.<\/li>\n<li>Zapytaj o wyniki bada\u0144 og\u00f3lnych, zaka\u017anych, genetycznych rodzic\u00f3w kociaka oraz samego kociaka.Je\u015bli hodowca nie chce ich pokaza\u0107 lub wykona\u0107 to znaczy z ca\u0142\u0105 pewno\u015bci\u0105 \u017ce co\u015b ukrywa. Popro\u015b o wykonanie u kociaka bada\u0144 zaka\u017anych Felv, Fiv, genetycznych HCM, PKD, naj\u015bwie\u017csze badanie echo serca rodzic\u00f3w kociaka.<\/li>\n<li>Przejrzyj dok\u0142adnie rodow\u00f3d kociaka. Pami\u0119taj przy tym \u017ce nie mo\u017cna kojarzy\u0107 kot\u00f3w w bezpo\u015brednim pokrewie\u0144stwie oraz \u017ce kot rasowy to kot z rodowodem.<\/li>\n<li>Nie kupuj kociaka bez tych bada\u0144 bo b\u0119dziesz sam na siebie z\u0142y \u017ce tego nie zrobi\u0142e\u015b. Kupisz kota chorego, kt\u00f3rego nie nale\u017cy rozmna\u017ca\u0107 lub b\u0119dzie chory.Pisz\u0119 to ku przestrodze dla przysz\u0142ych kupuj\u0105cych bo sama zosta\u0142am w ten spos\u00f3b oszukana przez hodowc\u00f3w. Nie ma przepis\u00f3w og\u00f3lnych kt\u00f3re te zagadnienia reguluj\u0105 i dlatego hodowcy na tym bazuj\u0105.<\/li>\n<li>Nie wygrasz tej sprawy nawet w s\u0105dzie. Stracisz pieni\u0105dze i nie b\u0119dziesz mie\u0107 kota hodowlanego do reprodukcji w swojej hodowli.<\/li>\n<li>Je\u015bli chodzi o to o co nale\u017cy zapyta\u0107 hodowc\u0119 to tutaj bezwzgl\u0119dnie wypytaj o podane powy\u017cej punkty i dodatkowo bacznie wszystko obserwuj.<\/li>\n<li>Cena kota do hodowli jest znacznie wy\u017csza ni\u017c w opcji \\&#8221;na kolanka\\&#8221; dlatego musisz mie\u0107 pewno\u015b\u0107 \u017ce kupujesz zdrowego i przebadanego kota.<\/li>\n<li>Je\u015bli kot nie posiada microchipu (wed\u0142ug mnie powinien mie\u0107) to nale\u017cy go zachipowa\u0107 jak najszybciej jest to mo\u017cliwe. Taki zabieg wykonuje lekarz weterynarz.<\/li>\n<\/ol>\n","protected":false},"excerpt":{"rendered":"<p>Poni\u017cej lista zagadnie\u0144 na kt\u00f3re nale\u017cy zwr\u00f3ci\u0107 uwag\u0119 kupuj\u0105c kota do swojej hodowli: Je\u015bli kupujesz kociaka do swojej hodowli, nie spiesz si\u0119. Obejrzyj dobrze kociaka, jego uszy, ogonek, sier\u015b\u0107 i spr\u00f3buj go pog\u0142aska\u0107. Obejrzyj te\u017c pozosta\u0142e koty w miocie. Zapytaj o wyniki bada\u0144 og\u00f3lnych, zaka\u017anych, genetycznych rodzic\u00f3w kociaka oraz samego kociaka.Je\u015bli hodowca nie chce ich &hellip; <a href=\"https:\/\/domfutrzakow.pl\/?page_id=2646\" class=\"more-link\">Czytaj dalej <span class=\"screen-reader-text\">Jak kupi\u0107 zdrowego kota do hodowli<\/span> <span class=\"meta-nav\">&rarr;<\/span><\/a><\/p>\n","protected":false},"author":1,"featured_media":0,"parent":0,"menu_order":0,"comment_status":"closed","ping_status":"closed","template":"","meta":[],"_links":{"self":[{"href":"https:\/\/domfutrzakow.pl\/index.php?rest_route=\/wp\/v2\/pages\/2646"}],"collection":[{"href":"https:\/\/domfutrzakow.pl\/index.php?rest_route=\/wp\/v2\/pages"}],"about":[{"href":"https:\/\/domfutrzakow.pl\/index.php?rest_route=\/wp\/v2\/types\/page"}],"author":[{"embeddable":true,"href":"https:\/\/domfutrzakow.pl\/index.php?rest_route=\/wp\/v2\/users\/1"}],"replies":[{"embeddable":true,"href":"https:\/\/domfutrzakow.pl\/index.php?rest_route=%2Fwp%2Fv2%2Fcomments&post=2646"}],"version-history":[{"count":4,"href":"https:\/\/domfutrzakow.pl\/index.php?rest_route=\/wp\/v2\/pages\/2646\/revisions"}],"predecessor-version":[{"id":2656,"href":"https:\/\/domfutrzakow.pl\/index.php?rest_route=\/wp\/v2\/pages\/2646\/revisions\/2656"}],"wp:attachment":[{"href":"https:\/\/domfutrzakow.pl\/index.php?rest_route=%2Fwp%2Fv2%2Fmedia&parent=2646"}],"curies":[{"name":"wp","href":"https:\/\/api.w.org\/{rel}","templated":true}]}}