{"id":2620,"date":"2020-03-21T14:44:42","date_gmt":"2020-03-21T12:44:42","guid":{"rendered":"https:\/\/domfutrzakow.pl\/?page_id=2620"},"modified":"2020-03-21T21:24:22","modified_gmt":"2020-03-21T19:24:22","slug":"poradnik","status":"publish","type":"page","link":"https:\/\/domfutrzakow.pl\/?page_id=2620","title":{"rendered":"Nasz Poradnik"},"content":{"rendered":"<table>\n<tr>\n<td>\n<a href=\"https:\/\/domfutrzakow.pl\/?p=2640\" title=\"Jak kupi\u0107 kota do kochania\">Jak kupi\u0107 kota do kochania<\/a><br \/>\n<a href=\"https:\/\/domfutrzakow.pl\/?page_id=2646\" title=\"Jak kupi\u0107 zdrowego kota do hodowli\">Jak kupi\u0107 zdrowego kota do hodowli<\/a><br \/>\n<a href=\"https:\/\/domfutrzakow.pl\/?page_id=2644\" title=\"Instrukcja obs\u0142ugi ma\u0142ego kota\">Instrukcja obs\u0142ugi ma\u0142ego kota<\/a><br \/>\n<a href=\"https:\/\/domfutrzakow.pl\/?page_id=2642\" title=\"Czy koty mog\u0105 zarazi\u0107 COVID-19?\">Czy koty mog\u0105 zarazi\u0107 COVID-19?<\/a>\n<\/td>\n<\/tr>\n<\/table>\n","protected":false},"excerpt":{"rendered":"<p>Jak kupi\u0107 kota do kochania Jak kupi\u0107 zdrowego kota do hodowli Instrukcja obs\u0142ugi ma\u0142ego kota Czy koty mog\u0105 zarazi\u0107 COVID-19?<\/p>\n","protected":false},"author":1,"featured_media":0,"parent":0,"menu_order":0,"comment_status":"closed","ping_status":"closed","template":"","meta":[],"_links":{"self":[{"href":"https:\/\/domfutrzakow.pl\/index.php?rest_route=\/wp\/v2\/pages\/2620"}],"collection":[{"href":"https:\/\/domfutrzakow.pl\/index.php?rest_route=\/wp\/v2\/pages"}],"about":[{"href":"https:\/\/domfutrzakow.pl\/index.php?rest_route=\/wp\/v2\/types\/page"}],"author":[{"embeddable":true,"href":"https:\/\/domfutrzakow.pl\/index.php?rest_route=\/wp\/v2\/users\/1"}],"replies":[{"embeddable":true,"href":"https:\/\/domfutrzakow.pl\/index.php?rest_route=%2Fwp%2Fv2%2Fcomments&post=2620"}],"version-history":[{"count":19,"href":"https:\/\/domfutrzakow.pl\/index.php?rest_route=\/wp\/v2\/pages\/2620\/revisions"}],"predecessor-version":[{"id":2665,"href":"https:\/\/domfutrzakow.pl\/index.php?rest_route=\/wp\/v2\/pages\/2620\/revisions\/2665"}],"wp:attachment":[{"href":"https:\/\/domfutrzakow.pl\/index.php?rest_route=%2Fwp%2Fv2%2Fmedia&parent=2620"}],"curies":[{"name":"wp","href":"https:\/\/api.w.org\/{rel}","templated":true}]}}