{"id":240,"date":"2019-04-07T18:12:44","date_gmt":"2019-04-07T16:12:44","guid":{"rendered":"http:\/\/merletka\/?page_id=240"},"modified":"2020-12-30T13:18:51","modified_gmt":"2020-12-30T11:18:51","slug":"male-kociaki","status":"publish","type":"page","link":"https:\/\/domfutrzakow.pl\/?page_id=240","title":{"rendered":"Ma\u0142e kociaki"},"content":{"rendered":"<h3><strong>Urodzi\u0142 si\u0119 miot J. Szczeg\u00f3\u0142y podamy ju\u017c wkr\u00f3tce.<\/strong><\/h3>\n<h3>\u00a0<\/h3>\n<h3><strong>Mo\u017cesz wybra\u0107 jedn\u0105 z poni\u017cszych opcji:<\/strong><\/h3>\n<h4><a title=\"Plany hodowlane\" href=\"https:\/\/domfutrzakow.pl\/?page_id=246\">Plany hodowlane na 2020r. i 2021r.<\/a><br \/><a title=\"Poprzednie mioty\" href=\"https:\/\/domfutrzakow.pl\/?page_id=252\">Poprzednie mioty w Hodowli Dom Futrzak\u00f3w<\/a><\/h4>\n\n\n<p><\/p>\n","protected":false},"excerpt":{"rendered":"<p>Urodzi\u0142 si\u0119 miot J. Szczeg\u00f3\u0142y podamy ju\u017c wkr\u00f3tce. \u00a0 Mo\u017cesz wybra\u0107 jedn\u0105 z poni\u017cszych opcji: Plany hodowlane na 2020r. i 2021r.Poprzednie mioty w Hodowli Dom Futrzak\u00f3w<\/p>\n","protected":false},"author":1,"featured_media":0,"parent":0,"menu_order":0,"comment_status":"closed","ping_status":"closed","template":"","meta":[],"_links":{"self":[{"href":"https:\/\/domfutrzakow.pl\/index.php?rest_route=\/wp\/v2\/pages\/240"}],"collection":[{"href":"https:\/\/domfutrzakow.pl\/index.php?rest_route=\/wp\/v2\/pages"}],"about":[{"href":"https:\/\/domfutrzakow.pl\/index.php?rest_route=\/wp\/v2\/types\/page"}],"author":[{"embeddable":true,"href":"https:\/\/domfutrzakow.pl\/index.php?rest_route=\/wp\/v2\/users\/1"}],"replies":[{"embeddable":true,"href":"https:\/\/domfutrzakow.pl\/index.php?rest_route=%2Fwp%2Fv2%2Fcomments&post=240"}],"version-history":[{"count":5,"href":"https:\/\/domfutrzakow.pl\/index.php?rest_route=\/wp\/v2\/pages\/240\/revisions"}],"predecessor-version":[{"id":3258,"href":"https:\/\/domfutrzakow.pl\/index.php?rest_route=\/wp\/v2\/pages\/240\/revisions\/3258"}],"wp:attachment":[{"href":"https:\/\/domfutrzakow.pl\/index.php?rest_route=%2Fwp%2Fv2%2Fmedia&parent=240"}],"curies":[{"name":"wp","href":"https:\/\/api.w.org\/{rel}","templated":true}]}}